{"id":137,"date":"2019-01-23T08:50:10","date_gmt":"2019-01-23T12:50:10","guid":{"rendered":"http:\/\/demo.sparklewpthemes.com\/medicalheed\/?page_id=137"},"modified":"2026-02-17T17:53:20","modified_gmt":"2026-02-17T21:53:20","slug":"contact-us","status":"publish","type":"page","link":"https:\/\/cliniquesoin2pieds.ca\/index.php\/contact-us\/","title":{"rendered":"Contactez-Nous"},"content":{"rendered":"\n<figure><iframe\n  src=\"https:\/\/www.google.com\/maps?q=1076%20rue%20Moli%C3%A8re%2C%20Repentigny%2C%20QC%20J5Y%203V2%2C%20Canada&#038;output=embed\"\n  width=\"1200\"\n  height=\"400\"\n  style=\"border:0;\"\n  allowfullscreen=\"\"\n  loading=\"lazy\"\n  referrerpolicy=\"no-referrer-when-downgrade\">\n<\/iframe>\n<\/figure>\n\n\n\n<p>Notre bureau, situ\u00e9 au 1076 rue Moli\u00e8re, Repentigny, QC J5Y 3V2, est facilement accessible et pr\u00eat \u00e0 vous recevoir dans un cadre professionnel et accueillant.<\/p>\n\n\n\n<h3 class=\"wp-block-heading\">Formulaire de contact express<\/h3>\n\n\n<p>[contact-form-7 id=\u00a0\u00bb73&Prime; title=\u00a0\u00bbContact form 1&Prime;]<\/p>\n","protected":false},"excerpt":{"rendered":"<p>Notre bureau, situ\u00e9 au 1076 rue Moli\u00e8re, Repentigny, QC J5Y 3V2, est facilement accessible et pr\u00eat \u00e0 vous recevoir dans un cadre professionnel et accueillant. Formulaire de contact express<\/p>\n","protected":false},"author":1,"featured_media":0,"parent":0,"menu_order":0,"comment_status":"closed","ping_status":"closed","template":"","meta":{"footnotes":""},"class_list":["post-137","page","type-page","status-publish","hentry"],"_links":{"self":[{"href":"https:\/\/cliniquesoin2pieds.ca\/index.php\/wp-json\/wp\/v2\/pages\/137","targetHints":{"allow":["GET"]}}],"collection":[{"href":"https:\/\/cliniquesoin2pieds.ca\/index.php\/wp-json\/wp\/v2\/pages"}],"about":[{"href":"https:\/\/cliniquesoin2pieds.ca\/index.php\/wp-json\/wp\/v2\/types\/page"}],"author":[{"embeddable":true,"href":"https:\/\/cliniquesoin2pieds.ca\/index.php\/wp-json\/wp\/v2\/users\/1"}],"replies":[{"embeddable":true,"href":"https:\/\/cliniquesoin2pieds.ca\/index.php\/wp-json\/wp\/v2\/comments?post=137"}],"version-history":[{"count":11,"href":"https:\/\/cliniquesoin2pieds.ca\/index.php\/wp-json\/wp\/v2\/pages\/137\/revisions"}],"predecessor-version":[{"id":394,"href":"https:\/\/cliniquesoin2pieds.ca\/index.php\/wp-json\/wp\/v2\/pages\/137\/revisions\/394"}],"wp:attachment":[{"href":"https:\/\/cliniquesoin2pieds.ca\/index.php\/wp-json\/wp\/v2\/media?parent=137"}],"curies":[{"name":"wp","href":"https:\/\/api.w.org\/{rel}","templated":true}]}}