{"id":23,"date":"2019-01-23T04:27:11","date_gmt":"2019-01-23T08:27:11","guid":{"rendered":"http:\/\/demo.sparklewpthemes.com\/medicalheed\/?page_id=23"},"modified":"2025-06-13T16:45:40","modified_gmt":"2025-06-13T20:45:40","slug":"your-health-life-style","status":"publish","type":"page","link":"https:\/\/cliniquesoin2pieds.ca\/index.php\/your-health-life-style\/","title":{"rendered":"Mieux vaut pr\u00e9venir que gu\u00e9rir"},"content":{"rendered":"\n<p>\u00c0 la <strong>Clinique Soin 2 Pieds<\/strong>, nous croyons qu\u2019un entretien r\u00e9gulier et une attention pr\u00e9ventive sont essentiels au bien-\u00eatre de vos pieds. Nos services visent \u00e0 favoriser le confort, l\u2019hygi\u00e8ne et la beaut\u00e9 des pieds, tout en vous aidant \u00e0 adopter de bonnes habitudes au quotidien.<\/p>\n\n\n\n<p>Nous offrons un accompagnement personnalis\u00e9 et des soins d\u2019hygi\u00e8ne adapt\u00e9s \u00e0 vos besoins pour vous aider \u00e0 pr\u00e9venir les inconforts li\u00e9s \u00e0 l\u2019accumulation de peau dure, aux ongles n\u00e9glig\u00e9s ou \u00e0 un chaussage inadapt\u00e9.<\/p>\n\n\n\n<p><strong>Nos services de pr\u00e9vention incluent :<\/strong><br>\u2714 Nettoyage et entretien esth\u00e9tique des ongles<br>\u2714 R\u00e9duction des callosit\u00e9s et zones de s\u00e9cheresse<br>\u2714 Conseils personnalis\u00e9s sur les soins \u00e0 domicile<br>\u2714 Recommandations sur les bons gestes \u00e0 adopter<\/p>\n\n\n\n<blockquote class=\"wp-block-quote is-layout-flow wp-block-quote-is-layout-flow\">\n<p><strong>Des pieds bien entretenus, c\u2019est un pas de plus vers un quotidien plus confortable.<\/strong><\/p>\n<\/blockquote>\n\n\n\n<p><\/p>\n","protected":false},"excerpt":{"rendered":"<p>\u00c0 la Clinique Soin 2 Pieds, nous croyons qu\u2019un entretien r\u00e9gulier et une attention pr\u00e9ventive sont essentiels au bien-\u00eatre de vos pieds. Nos services visent \u00e0 favoriser le confort, l\u2019hygi\u00e8ne et la beaut\u00e9 des pieds, tout en vous aidant \u00e0 adopter de bonnes habitudes au&hellip;<\/p>\n","protected":false},"author":1,"featured_media":295,"parent":0,"menu_order":0,"comment_status":"closed","ping_status":"closed","template":"","meta":{"footnotes":""},"class_list":["post-23","page","type-page","status-publish","has-post-thumbnail","hentry"],"_links":{"self":[{"href":"https:\/\/cliniquesoin2pieds.ca\/index.php\/wp-json\/wp\/v2\/pages\/23","targetHints":{"allow":["GET"]}}],"collection":[{"href":"https:\/\/cliniquesoin2pieds.ca\/index.php\/wp-json\/wp\/v2\/pages"}],"about":[{"href":"https:\/\/cliniquesoin2pieds.ca\/index.php\/wp-json\/wp\/v2\/types\/page"}],"author":[{"embeddable":true,"href":"https:\/\/cliniquesoin2pieds.ca\/index.php\/wp-json\/wp\/v2\/users\/1"}],"replies":[{"embeddable":true,"href":"https:\/\/cliniquesoin2pieds.ca\/index.php\/wp-json\/wp\/v2\/comments?post=23"}],"version-history":[{"count":3,"href":"https:\/\/cliniquesoin2pieds.ca\/index.php\/wp-json\/wp\/v2\/pages\/23\/revisions"}],"predecessor-version":[{"id":340,"href":"https:\/\/cliniquesoin2pieds.ca\/index.php\/wp-json\/wp\/v2\/pages\/23\/revisions\/340"}],"wp:featuredmedia":[{"embeddable":true,"href":"https:\/\/cliniquesoin2pieds.ca\/index.php\/wp-json\/wp\/v2\/media\/295"}],"wp:attachment":[{"href":"https:\/\/cliniquesoin2pieds.ca\/index.php\/wp-json\/wp\/v2\/media?parent=23"}],"curies":[{"name":"wp","href":"https:\/\/api.w.org\/{rel}","templated":true}]}}