{"id":28,"date":"2019-01-23T04:34:41","date_gmt":"2019-01-23T08:34:41","guid":{"rendered":"http:\/\/demo.sparklewpthemes.com\/medicalheed\/?page_id=28"},"modified":"2025-06-13T15:38:32","modified_gmt":"2025-06-13T19:38:32","slug":"we-care-for-your-health","status":"publish","type":"page","link":"https:\/\/cliniquesoin2pieds.ca\/index.php\/we-care-for-your-health\/","title":{"rendered":"Nous prenons soin de vos pieds"},"content":{"rendered":"\n<p>Vos pieds vous portent chaque jour. Ils m\u00e9ritent toute votre attention.<\/p>\n\n\n\n<p>\u00c0 la <strong>Clinique Soin 2 Pieds<\/strong>, nous sommes passionn\u00e9s par la sant\u00e9 et le bien-\u00eatre de vos pieds. Nous offrons des soins professionnels, s\u00e9curitaires et personnalis\u00e9s pour traiter les inconforts, pr\u00e9venir les complications et redonner \u00e0 vos pieds toute leur l\u00e9g\u00e8ret\u00e9.<\/p>\n\n\n\n<p>Qu\u2019il s\u2019agisse de callosit\u00e9s, d\u2019ongles incarn\u00e9s, de cors, de crevasses ou simplement d\u2019un besoin de d\u00e9tente, notre \u00e9quipe est l\u00e0 pour vous offrir un service attentionn\u00e9, dans un environnement propre, apaisant et respectueux.<\/p>\n\n\n\n<blockquote class=\"wp-block-quote is-layout-flow wp-block-quote-is-layout-flow\">\n<p>Parce que prendre soin de vos pieds, c\u2019est aussi prendre soin de votre qualit\u00e9 de vie.<\/p>\n<\/blockquote>\n\n\n\n<p><\/p>\n","protected":false},"excerpt":{"rendered":"<p>Vos pieds vous portent chaque jour. Ils m\u00e9ritent toute votre attention. \u00c0 la Clinique Soin 2 Pieds, nous sommes passionn\u00e9s par la sant\u00e9 et le bien-\u00eatre de vos pieds. Nous offrons des soins professionnels, s\u00e9curitaires et personnalis\u00e9s pour traiter les inconforts, pr\u00e9venir les complications et&hellip;<\/p>\n","protected":false},"author":1,"featured_media":298,"parent":0,"menu_order":0,"comment_status":"closed","ping_status":"closed","template":"","meta":{"footnotes":""},"class_list":["post-28","page","type-page","status-publish","has-post-thumbnail","hentry"],"_links":{"self":[{"href":"https:\/\/cliniquesoin2pieds.ca\/index.php\/wp-json\/wp\/v2\/pages\/28","targetHints":{"allow":["GET"]}}],"collection":[{"href":"https:\/\/cliniquesoin2pieds.ca\/index.php\/wp-json\/wp\/v2\/pages"}],"about":[{"href":"https:\/\/cliniquesoin2pieds.ca\/index.php\/wp-json\/wp\/v2\/types\/page"}],"author":[{"embeddable":true,"href":"https:\/\/cliniquesoin2pieds.ca\/index.php\/wp-json\/wp\/v2\/users\/1"}],"replies":[{"embeddable":true,"href":"https:\/\/cliniquesoin2pieds.ca\/index.php\/wp-json\/wp\/v2\/comments?post=28"}],"version-history":[{"count":3,"href":"https:\/\/cliniquesoin2pieds.ca\/index.php\/wp-json\/wp\/v2\/pages\/28\/revisions"}],"predecessor-version":[{"id":320,"href":"https:\/\/cliniquesoin2pieds.ca\/index.php\/wp-json\/wp\/v2\/pages\/28\/revisions\/320"}],"wp:featuredmedia":[{"embeddable":true,"href":"https:\/\/cliniquesoin2pieds.ca\/index.php\/wp-json\/wp\/v2\/media\/298"}],"wp:attachment":[{"href":"https:\/\/cliniquesoin2pieds.ca\/index.php\/wp-json\/wp\/v2\/media?parent=28"}],"curies":[{"name":"wp","href":"https:\/\/api.w.org\/{rel}","templated":true}]}}