{"id":35,"date":"2019-01-23T04:53:35","date_gmt":"2019-01-23T08:53:35","guid":{"rendered":"http:\/\/demo.sparklewpthemes.com\/medicalheed\/?page_id=35"},"modified":"2025-06-13T22:26:57","modified_gmt":"2025-06-14T02:26:57","slug":"expertise-in-services-we-offer","status":"publish","type":"page","link":"https:\/\/cliniquesoin2pieds.ca\/index.php\/expertise-in-services-we-offer\/","title":{"rendered":"Expertises et Services"},"content":{"rendered":"\n<p>\u00c0 la <strong>Clinique Soin 2 Pieds<\/strong>, nous allions savoir-faire, douceur et rigueur pour vous offrir des soins de qualit\u00e9, dans un cadre professionnel et apaisant. Notre expertise repose sur une approche pr\u00e9ventive, esth\u00e9tique et hygi\u00e9nique, respectueuse des besoins sp\u00e9cifiques de chaque client.<\/p>\n\n\n\n<p>Nous offrons une gamme compl\u00e8te de services pour favoriser le confort et la beaut\u00e9 de vos pieds, incluant :<\/p>\n\n\n\n<p>\ud83e\uddb6 <strong>Soins des ongles<\/strong><br>Coupe, limage et nettoyage professionnel pour des ongles propres, lisses et soign\u00e9s.<\/p>\n\n\n\n<p>\ud83e\uddb6 <strong>R\u00e9duction des callosit\u00e9s<\/strong><br>\u00c9limination en douceur des \u00e9paississements cutan\u00e9s pour retrouver des pieds doux et confortables.<\/p>\n\n\n\n<p>\ud83e\uddb6 <strong>Entretien de la peau plantaire<\/strong><br>Hydratation, nettoyage et soins adapt\u00e9s pour pr\u00e9venir s\u00e9cheresse, crevasses ou inconforts.<\/p>\n\n\n\n<p>\ud83e\uddb6 <strong>Conseils personnalis\u00e9s<\/strong><br>Recommandations sur les bonnes pratiques d\u2019hygi\u00e8ne, le choix de chaussures et les soins \u00e0 domicile.<\/p>\n\n\n\n<p>Notre priorit\u00e9 est votre bien-\u00eatre. Chaque soin est effectu\u00e9 avec des instruments st\u00e9rilis\u00e9s selon les normes les plus strictes, dans le respect de votre confort et de votre s\u00e9curit\u00e9.<\/p>\n\n\n\n<blockquote class=\"wp-block-quote is-layout-flow wp-block-quote-is-layout-flow\">\n<p><strong>Des pieds bien entretenus, pour une qualit\u00e9 de vie am\u00e9lior\u00e9e \u2014 un pas \u00e0 la fois.<\/strong><\/p>\n<\/blockquote>\n","protected":false},"excerpt":{"rendered":"<p>\u00c0 la Clinique Soin 2 Pieds, nous allions savoir-faire, douceur et rigueur pour vous offrir des soins de qualit\u00e9, dans un cadre professionnel et apaisant. Notre expertise repose sur une approche pr\u00e9ventive, esth\u00e9tique et hygi\u00e9nique, respectueuse des besoins sp\u00e9cifiques de chaque client. Nous offrons une&hellip;<\/p>\n","protected":false},"author":1,"featured_media":318,"parent":0,"menu_order":0,"comment_status":"closed","ping_status":"closed","template":"","meta":{"footnotes":""},"class_list":["post-35","page","type-page","status-publish","has-post-thumbnail","hentry"],"_links":{"self":[{"href":"https:\/\/cliniquesoin2pieds.ca\/index.php\/wp-json\/wp\/v2\/pages\/35","targetHints":{"allow":["GET"]}}],"collection":[{"href":"https:\/\/cliniquesoin2pieds.ca\/index.php\/wp-json\/wp\/v2\/pages"}],"about":[{"href":"https:\/\/cliniquesoin2pieds.ca\/index.php\/wp-json\/wp\/v2\/types\/page"}],"author":[{"embeddable":true,"href":"https:\/\/cliniquesoin2pieds.ca\/index.php\/wp-json\/wp\/v2\/users\/1"}],"replies":[{"embeddable":true,"href":"https:\/\/cliniquesoin2pieds.ca\/index.php\/wp-json\/wp\/v2\/comments?post=35"}],"version-history":[{"count":4,"href":"https:\/\/cliniquesoin2pieds.ca\/index.php\/wp-json\/wp\/v2\/pages\/35\/revisions"}],"predecessor-version":[{"id":376,"href":"https:\/\/cliniquesoin2pieds.ca\/index.php\/wp-json\/wp\/v2\/pages\/35\/revisions\/376"}],"wp:featuredmedia":[{"embeddable":true,"href":"https:\/\/cliniquesoin2pieds.ca\/index.php\/wp-json\/wp\/v2\/media\/318"}],"wp:attachment":[{"href":"https:\/\/cliniquesoin2pieds.ca\/index.php\/wp-json\/wp\/v2\/media?parent=35"}],"curies":[{"name":"wp","href":"https:\/\/api.w.org\/{rel}","templated":true}]}}