{"id":54,"date":"2019-01-23T05:39:03","date_gmt":"2019-01-23T09:39:03","guid":{"rendered":"http:\/\/demo.sparklewpthemes.com\/medicalheed\/?page_id=54"},"modified":"2025-06-13T22:19:48","modified_gmt":"2025-06-14T02:19:48","slug":"24-7-emergency-service","status":"publish","type":"page","link":"https:\/\/cliniquesoin2pieds.ca\/index.php\/24-7-emergency-service\/","title":{"rendered":"Pr\u00e9ventions"},"content":{"rendered":"\n<p>Pr\u00e9venir, c\u2019est prot\u00e9ger votre sant\u00e9 avant que les probl\u00e8mes n\u2019apparaissent.<\/p>\n\n\n\n<p>\u00c0 la <strong>Clinique Soin 2 Pieds<\/strong>, nous croyons que la pr\u00e9vention est la cl\u00e9 pour garder vos pieds en sant\u00e9 \u00e0 long terme. Que vous soyez actif, diab\u00e9tique, en \u00e2ge d\u2019or ou tout simplement soucieux de votre bien-\u00eatre, des soins r\u00e9guliers peuvent \u00e9viter bien des complications.<\/p>\n\n\n\n<p>Nos services de pr\u00e9vention incluent :<\/p>\n\n\n\n<ul class=\"wp-block-list\">\n<li>L\u2019\u00e9valuation de la sant\u00e9 de vos pieds et de vos ongles<\/li>\n\n\n\n<li>Des conseils personnalis\u00e9s selon votre mode de vie ou condition m\u00e9dicale<\/li>\n\n\n\n<li>La d\u00e9tection pr\u00e9coce des callosit\u00e9s, cors, ongles incarn\u00e9s ou infections<\/li>\n\n\n\n<li>Des recommandations pour de bonnes pratiques d\u2019hygi\u00e8ne et de chaussage<\/li>\n<\/ul>\n\n\n\n<p>Nos professionnelles qualifi\u00e9es vous accompagnent avec douceur et expertise pour pr\u00e9server la sant\u00e9, la mobilit\u00e9 et le confort de vos pieds\u2026 jour apr\u00e8s jour.<\/p>\n\n\n\n<blockquote class=\"wp-block-quote is-layout-flow wp-block-quote-is-layout-flow\">\n<p>Parce qu\u2019un pas en avant, \u00e7a commence par un pied bien soign\u00e9.<\/p>\n<\/blockquote>\n","protected":false},"excerpt":{"rendered":"<p>Pr\u00e9venir, c\u2019est prot\u00e9ger votre sant\u00e9 avant que les probl\u00e8mes n\u2019apparaissent. \u00c0 la Clinique Soin 2 Pieds, nous croyons que la pr\u00e9vention est la cl\u00e9 pour garder vos pieds en sant\u00e9 \u00e0 long terme. Que vous soyez actif, diab\u00e9tique, en \u00e2ge d\u2019or ou tout simplement soucieux&hellip;<\/p>\n","protected":false},"author":1,"featured_media":374,"parent":0,"menu_order":0,"comment_status":"closed","ping_status":"closed","template":"","meta":{"footnotes":""},"class_list":["post-54","page","type-page","status-publish","has-post-thumbnail","hentry"],"_links":{"self":[{"href":"https:\/\/cliniquesoin2pieds.ca\/index.php\/wp-json\/wp\/v2\/pages\/54","targetHints":{"allow":["GET"]}}],"collection":[{"href":"https:\/\/cliniquesoin2pieds.ca\/index.php\/wp-json\/wp\/v2\/pages"}],"about":[{"href":"https:\/\/cliniquesoin2pieds.ca\/index.php\/wp-json\/wp\/v2\/types\/page"}],"author":[{"embeddable":true,"href":"https:\/\/cliniquesoin2pieds.ca\/index.php\/wp-json\/wp\/v2\/users\/1"}],"replies":[{"embeddable":true,"href":"https:\/\/cliniquesoin2pieds.ca\/index.php\/wp-json\/wp\/v2\/comments?post=54"}],"version-history":[{"count":3,"href":"https:\/\/cliniquesoin2pieds.ca\/index.php\/wp-json\/wp\/v2\/pages\/54\/revisions"}],"predecessor-version":[{"id":375,"href":"https:\/\/cliniquesoin2pieds.ca\/index.php\/wp-json\/wp\/v2\/pages\/54\/revisions\/375"}],"wp:featuredmedia":[{"embeddable":true,"href":"https:\/\/cliniquesoin2pieds.ca\/index.php\/wp-json\/wp\/v2\/media\/374"}],"wp:attachment":[{"href":"https:\/\/cliniquesoin2pieds.ca\/index.php\/wp-json\/wp\/v2\/media?parent=54"}],"curies":[{"name":"wp","href":"https:\/\/api.w.org\/{rel}","templated":true}]}}