{"id":62,"date":"2019-01-23T05:42:50","date_gmt":"2019-01-23T05:42:50","guid":{"rendered":"http:\/\/demo.sparklewpthemes.com\/medicalheed\/?page_id=62"},"modified":"2025-06-13T16:07:14","modified_gmt":"2025-06-13T20:07:14","slug":"general-checkup","status":"publish","type":"page","link":"https:\/\/cliniquesoin2pieds.ca\/index.php\/general-checkup\/","title":{"rendered":"Corrections"},"content":{"rendered":"\n<p>Certaines affections des pieds, lorsqu\u2019elles ne sont pas prises en charge \u00e0 temps, peuvent entra\u00eener des d\u00e9s\u00e9quilibres, des douleurs ou des d\u00e9formations. \u00c0 la <strong>Clinique Soin 2 Pieds<\/strong>, nous offrons des soins correctifs cibl\u00e9s pour am\u00e9liorer votre confort, pr\u00e9venir les complications et favoriser une meilleure posture au quotidien.<\/p>\n\n\n\n<p>Nos interventions peuvent inclure :<\/p>\n\n\n\n<ul class=\"wp-block-list\">\n<li>La correction douce des ongles incarn\u00e9s ou courb\u00e9s<\/li>\n\n\n\n<li>Le r\u00e9alignement des ongles \u00e9paissis ou d\u00e9form\u00e9s<\/li>\n\n\n\n<li>L\u2019ajustement des pressions plantaires gr\u00e2ce \u00e0 des recommandations personnalis\u00e9es (orth\u00e8ses, soins r\u00e9guliers)<\/li>\n\n\n\n<li>Des conseils de pr\u00e9vention adapt\u00e9s \u00e0 votre condition<\/li>\n<\/ul>\n\n\n\n<p>Gr\u00e2ce \u00e0 une approche professionnelle, respectueuse et sans douleur, nous contribuons \u00e0 restaurer la fonction et l\u2019apparence naturelle de vos pieds.<\/p>\n\n\n\n<blockquote class=\"wp-block-quote is-layout-flow wp-block-quote-is-layout-flow\">\n<p>Mettez un terme \u00e0 l\u2019inconfort \u2013 optez pour des corrections expertes et durables.<\/p>\n<\/blockquote>\n","protected":false},"excerpt":{"rendered":"<p>Certaines affections des pieds, lorsqu\u2019elles ne sont pas prises en charge \u00e0 temps, peuvent entra\u00eener des d\u00e9s\u00e9quilibres, des douleurs ou des d\u00e9formations. \u00c0 la Clinique Soin 2 Pieds, nous offrons des soins correctifs cibl\u00e9s pour am\u00e9liorer votre confort, pr\u00e9venir les complications et favoriser une meilleure&hellip;<\/p>\n","protected":false},"author":1,"featured_media":336,"parent":0,"menu_order":0,"comment_status":"closed","ping_status":"closed","template":"","meta":{"footnotes":""},"class_list":["post-62","page","type-page","status-publish","has-post-thumbnail","hentry"],"_links":{"self":[{"href":"https:\/\/cliniquesoin2pieds.ca\/index.php\/wp-json\/wp\/v2\/pages\/62","targetHints":{"allow":["GET"]}}],"collection":[{"href":"https:\/\/cliniquesoin2pieds.ca\/index.php\/wp-json\/wp\/v2\/pages"}],"about":[{"href":"https:\/\/cliniquesoin2pieds.ca\/index.php\/wp-json\/wp\/v2\/types\/page"}],"author":[{"embeddable":true,"href":"https:\/\/cliniquesoin2pieds.ca\/index.php\/wp-json\/wp\/v2\/users\/1"}],"replies":[{"embeddable":true,"href":"https:\/\/cliniquesoin2pieds.ca\/index.php\/wp-json\/wp\/v2\/comments?post=62"}],"version-history":[{"count":2,"href":"https:\/\/cliniquesoin2pieds.ca\/index.php\/wp-json\/wp\/v2\/pages\/62\/revisions"}],"predecessor-version":[{"id":335,"href":"https:\/\/cliniquesoin2pieds.ca\/index.php\/wp-json\/wp\/v2\/pages\/62\/revisions\/335"}],"wp:featuredmedia":[{"embeddable":true,"href":"https:\/\/cliniquesoin2pieds.ca\/index.php\/wp-json\/wp\/v2\/media\/336"}],"wp:attachment":[{"href":"https:\/\/cliniquesoin2pieds.ca\/index.php\/wp-json\/wp\/v2\/media?parent=62"}],"curies":[{"name":"wp","href":"https:\/\/api.w.org\/{rel}","templated":true}]}}