{"id":68,"date":"2019-01-23T05:46:12","date_gmt":"2019-01-23T05:46:12","guid":{"rendered":"http:\/\/demo.sparklewpthemes.com\/medicalheed\/?page_id=68"},"modified":"2025-06-13T15:27:00","modified_gmt":"2025-06-13T19:27:00","slug":"icu-services","status":"publish","type":"page","link":"https:\/\/cliniquesoin2pieds.ca\/index.php\/icu-services\/","title":{"rendered":"Soins des ongles"},"content":{"rendered":"\n<p>Des ongles bien entretenus sont essentiels \u00e0 la sant\u00e9 globale de vos pieds. \u00c0 la <strong>Clinique Soin 2 Pieds<\/strong>, nous offrons des soins sp\u00e9cialis\u00e9s pour pr\u00e9venir, traiter et soulager divers probl\u00e8mes ungu\u00e9aux, tout en redonnant \u00e0 vos ongles une apparence soign\u00e9e et naturelle.<\/p>\n\n\n\n<p>Nos soins incluent notamment :<\/p>\n\n\n\n<ul class=\"wp-block-list\">\n<li>La coupe et le nettoyage en profondeur des ongles<\/li>\n\n\n\n<li>Le d\u00e9gagement des ongles incarn\u00e9s<\/li>\n\n\n\n<li>Le traitement des ongles \u00e9paissis, d\u00e9form\u00e9s ou mycos\u00e9s<\/li>\n\n\n\n<li>Le limage s\u00e9curitaire avec instruments st\u00e9rilis\u00e9s<\/li>\n\n\n\n<li>Des conseils personnalis\u00e9s pour l\u2019entretien \u00e0 domicile<\/li>\n<\/ul>\n\n\n\n<p>Que ce soit pour des raisons de confort, d\u2019esth\u00e9tique ou de pr\u00e9vention, nos professionnelles qualifi\u00e9es vous assurent des soins attentifs, sans douleur et adapt\u00e9s \u00e0 vos besoins.<\/p>\n\n\n\n<p>Offrez \u00e0 vos ongles un soin expert \u2013 parce que chaque d\u00e9tail compte pour votre bien-\u00eatre.<\/p>\n\n\n\n<p><\/p>\n","protected":false},"excerpt":{"rendered":"<p>Des ongles bien entretenus sont essentiels \u00e0 la sant\u00e9 globale de vos pieds. \u00c0 la Clinique Soin 2 Pieds, nous offrons des soins sp\u00e9cialis\u00e9s pour pr\u00e9venir, traiter et soulager divers probl\u00e8mes ungu\u00e9aux, tout en redonnant \u00e0 vos ongles une apparence soign\u00e9e et naturelle. Nos soins&hellip;<\/p>\n","protected":false},"author":1,"featured_media":298,"parent":0,"menu_order":0,"comment_status":"closed","ping_status":"closed","template":"","meta":{"footnotes":""},"class_list":["post-68","page","type-page","status-publish","has-post-thumbnail","hentry"],"_links":{"self":[{"href":"https:\/\/cliniquesoin2pieds.ca\/index.php\/wp-json\/wp\/v2\/pages\/68","targetHints":{"allow":["GET"]}}],"collection":[{"href":"https:\/\/cliniquesoin2pieds.ca\/index.php\/wp-json\/wp\/v2\/pages"}],"about":[{"href":"https:\/\/cliniquesoin2pieds.ca\/index.php\/wp-json\/wp\/v2\/types\/page"}],"author":[{"embeddable":true,"href":"https:\/\/cliniquesoin2pieds.ca\/index.php\/wp-json\/wp\/v2\/users\/1"}],"replies":[{"embeddable":true,"href":"https:\/\/cliniquesoin2pieds.ca\/index.php\/wp-json\/wp\/v2\/comments?post=68"}],"version-history":[{"count":2,"href":"https:\/\/cliniquesoin2pieds.ca\/index.php\/wp-json\/wp\/v2\/pages\/68\/revisions"}],"predecessor-version":[{"id":316,"href":"https:\/\/cliniquesoin2pieds.ca\/index.php\/wp-json\/wp\/v2\/pages\/68\/revisions\/316"}],"wp:featuredmedia":[{"embeddable":true,"href":"https:\/\/cliniquesoin2pieds.ca\/index.php\/wp-json\/wp\/v2\/media\/298"}],"wp:attachment":[{"href":"https:\/\/cliniquesoin2pieds.ca\/index.php\/wp-json\/wp\/v2\/media?parent=68"}],"curies":[{"name":"wp","href":"https:\/\/api.w.org\/{rel}","templated":true}]}}